{"id":8,"date":"2013-01-31T19:54:56","date_gmt":"2013-01-31T19:45:27","guid":{"rendered":"https:\/\/www.lanci.uqam.ca\/?page_id=8"},"modified":"2015-08-19T15:55:54","modified_gmt":"2015-08-19T15:55:54","slug":"home","status":"publish","type":"page","link":"https:\/\/www.lanci.uqam.ca\/index.php\/home\/","title":{"rendered":"Historique"},"content":{"rendered":"<p>Le LANCI a \u00e9t\u00e9 fond\u00e9 en 1991 sous l\u2019initiative du professeur Jean-Guy Meunier. La motivation premi\u00e8re de ce projet \u00e9tait de cr\u00e9er \u00e0 l\u2019UQ\u00c0M un lieu de recherche multidisciplinaire de haut niveau dans le domaine des sciences cognitives o\u00f9 se rencontraient philosophie, sciences humaines et informatique. Aujourd\u2019hui, le LANCI est codirig\u00e9 de mani\u00e8re coll\u00e9giale par les professeurs Jean-Guy Meunier, Pierre Poirier, Serge Robert et Luc Faucher et organis\u00e9 en quatre groupes de recherche.<\/p>\n<p>En plus de 20 ans d\u2019activit\u00e9, le LANCI a \u00e9t\u00e9 un acteur majeur de la recherche et de la formation universitaire en sciences cognitives \u00e0 l\u2019UQ\u00c0M et au Qu\u00e9bec. Il a notamment particip\u00e9 \u00e0 la cr\u00e9ation de l\u2019Institut des Sciences Cognitives de l\u2019UQ\u00c0M et au d\u00e9veloppement du doctorat en Informatique cognitive. Le LANCI a aussi \u00e9t\u00e9 un lieu important de diffusion. Ses membres ont produit, souvent en collaboration, plusieurs centaines d\u2019articles scientifiques et autres formes de communications scientifiques. Il a re\u00e7u de nombreux conf\u00e9renciers et conf\u00e9renci\u00e8res. Il a \u00e9galement fond\u00e9 les Cahiers du LANCI. Il a int\u00e9gr\u00e9 \u00e0 ses activit\u00e9s de recherche et de formation plus d\u2019une centaine d\u2019\u00e9tudiantes et \u00e9tudiants venant de la philosophie, de l\u2019informatique, de la sociologie, de la s\u00e9miotique, de la linguistique, des sciences de l\u2019\u00e9ducation, et d\u2019autres domaines li\u00e9s aux sciences cognitives.<\/p>\n<p>La recherche men\u00e9e au LANCI a fait l\u2019objet d\u2019un soutien financier constant de la part des grands organismes subventionnaires du Qu\u00e9bec et du Canada (CRSH, FRQSC, CRSNG, etc.). Au fil des ann\u00e9es, plus d\u2019un million de dollars en financement a \u00e9t\u00e9 accord\u00e9 \u00e0 ses professeur-e-s membres. Les \u00e9tudiant-e-s membres du LANCI ont toujours constitu\u00e9 un groupe de jeunes chercheur-e-s de tr\u00e8s haut niveau. La plupart d\u2019entre eux-elles sont titulaires d\u2019une bourse d\u2019excellence. Collectivement, les \u00e9tudiants membres du LANCI ont re\u00e7u pr\u00e8s d\u2019un million de dollars sous forme de bourses d\u2019excellence.<\/p>\n<p>Parmi les nombreuses r\u00e9alisations r\u00e9centes, la subvention du CRSH de 475 000 $ a \u00e9t\u00e9 accord\u00e9e au groupe de recherche des professeurs Meunier, Forest et Biskri en 2012, et les subventions FODAR (total : 32 000 $) et FRQSC (2003-2006) (total : 110 700 $) ont \u00e9t\u00e9 accord\u00e9e \u00e0 Serge Robert. Serge Robert a \u00e9galement obtenu des contrats de recherche avec des membres partenaires du LANCI, notamment avec la Travers\u00e9e (2008-2009) (total : 25 000 $), avec Exeko, (la subvention de service aux collectivit\u00e9s d\u2019un total de 8000 $), avec la CSST (2006-2007), (total : 10 200 $) ainsi qu\u2019avec le Minist\u00e8re de l\u2019\u00c9ducation du Qu\u00e9bec (2005) (total : 6 200 $). Pierre Poirier et son collaborateur Alexandre Kalemjian ont \u00e9galement obtenu une subvention de 430 000$ du minist\u00e8re de l\u2019\u00e9ducation du Qu\u00e9bec en 2011 pour le d\u00e9veloppement du Gymnase Philosophique. Dans les cinq derni\u00e8res ann\u00e9es, au moins une quinzaine d&rsquo;articles ont \u00e9t\u00e9 publi\u00e9s dans des publications \u00e0 comit\u00e9. De plus, une cinquantaine de conf\u00e9rences ont \u00e9t\u00e9 organis\u00e9es ainsi que plusieurs colloques \u2013 notamment le colloque VitrineHN, organis\u00e9 par des \u00e9tudiant-e-s de monsieur Meunier, et (colloques co-organis\u00e9s avec Exeko).<\/p>\n<p>Les d\u00e9cisions au LANCI sont prises \u00e0 deux niveau : au niveau du laboratoire, o\u00f9 sont prises les d\u00e9cisions le concernant dans son ensemble, et au niveau de chaque unit\u00e9 de recherche. Les d\u00e9cisions propres au LANCI sont prises de fa\u00e7on consensuelle par ses quatre directeurs. Cependant, les \u00e9tudiant-e-s et autres chercheur-e-s sont invit\u00e9-e-s \u00e0 participer aux processus d\u00e9cisionnels de diverses fa\u00e7ons \u2013 notamment en initiant et participant \u00e0 des r\u00e9unions de laboratoire, et en participant \u00e0 la coordination des activit\u00e9s. Les unit\u00e9s ont chacune leur fa\u00e7on propre de fonctionner, mais le leadership participatif est encourag\u00e9. En effet, dans le cadre de sa mission p\u00e9dagogique, le LANCI implique les \u00e9tudiant-e-s dans les processus d\u00e9cisionnels et administratifs \u2013 incluant l&rsquo;organisation de conf\u00e9rences, la pr\u00e9paration de demandes de subvention et le d\u00e9veloppement de projets de recherche \u2013 afin de leur permettre d&rsquo;acqu\u00e9rir les comp\u00e9tences de leadership et d&rsquo;organisation associ\u00e9es au m\u00e9tier de chercheur-e-s.<\/p>\n","protected":false},"excerpt":{"rendered":"<p>Le LANCI a \u00e9t\u00e9 fond\u00e9 en 1991 sous l\u2019initiative du professeur Jean-Guy Meunier. La motivation premi\u00e8re de ce projet \u00e9tait de cr\u00e9er \u00e0 l\u2019UQ\u00c0M un lieu de recherche multidisciplinaire de haut niveau dans le domaine des sciences cognitives o\u00f9 se rencontraient philosophie, sciences humaines et informatique. Aujourd\u2019hui, le LANCI est codirig\u00e9 de mani\u00e8re coll\u00e9giale par&hellip;<\/p>\n","protected":false},"author":2,"featured_media":0,"parent":0,"menu_order":0,"comment_status":"closed","ping_status":"open","template":"","meta":{"footnotes":""},"class_list":["post-8","page","type-page","status-publish","hentry"],"_links":{"self":[{"href":"https:\/\/www.lanci.uqam.ca\/index.php\/wp-json\/wp\/v2\/pages\/8","targetHints":{"allow":["GET"]}}],"collection":[{"href":"https:\/\/www.lanci.uqam.ca\/index.php\/wp-json\/wp\/v2\/pages"}],"about":[{"href":"https:\/\/www.lanci.uqam.ca\/index.php\/wp-json\/wp\/v2\/types\/page"}],"author":[{"embeddable":true,"href":"https:\/\/www.lanci.uqam.ca\/index.php\/wp-json\/wp\/v2\/users\/2"}],"replies":[{"embeddable":true,"href":"https:\/\/www.lanci.uqam.ca\/index.php\/wp-json\/wp\/v2\/comments?post=8"}],"version-history":[{"count":9,"href":"https:\/\/www.lanci.uqam.ca\/index.php\/wp-json\/wp\/v2\/pages\/8\/revisions"}],"predecessor-version":[{"id":1271,"href":"https:\/\/www.lanci.uqam.ca\/index.php\/wp-json\/wp\/v2\/pages\/8\/revisions\/1271"}],"wp:attachment":[{"href":"https:\/\/www.lanci.uqam.ca\/index.php\/wp-json\/wp\/v2\/media?parent=8"}],"curies":[{"name":"wp","href":"https:\/\/api.w.org\/{rel}","templated":true}]}}