{"id":683,"date":"2013-10-07T01:34:09","date_gmt":"2013-10-07T01:34:09","guid":{"rendered":"https:\/\/www.lanci.uqam.ca\/?page_id=683"},"modified":"2013-10-07T01:34:09","modified_gmt":"2013-10-07T01:34:09","slug":"forage-de-texte-categorisation-et-analyse-de-contenu-latao","status":"publish","type":"page","link":"https:\/\/www.lanci.uqam.ca\/index.php\/projets-realises\/forage-de-texte-categorisation-et-analyse-de-contenu-latao\/","title":{"rendered":"Forage de texte, cat\u00e9gorisation et analyse de contenu (LATAO)"},"content":{"rendered":"<p>Projet\u00a0: Forage de texte, cat\u00e9gorisation et analyse de contenu<\/p>\n<p>Chercheur principal\u00a0: Jean-Guy Meunier<\/p>\n<p>P\u00e9riode\u00a0: 2000-2001<\/p>\n<p>Organisme subventionnaire\u00a0: Conseil de recherches en sciences humaines du Canada (CRSH)<\/p>\n<p>Titre du programme\u00a0: Initiatives de d\u00e9veloppement de la recherche<\/p>\n<p>&nbsp;<\/p>\n<p>R\u00e9sum\u00e9\u00a0:<\/p>\n<p>Le projet \u00ab\u00a0Forage de texte, cat\u00e9gorisation et analyse de contenu\u00a0\u00bb a g\u00e9n\u00e9r\u00e9 des r\u00e9sultats de recherche importants \u00e0 plusieurs niveaux.<\/p>\n<p>Premi\u00e8rement, ce projet a permis d&rsquo;effectuer un recensement des principales approches et des principaux logiciels dans le domaine de la Lecture et de l&rsquo;Analyse de Texte Assist\u00e9es par Ordinateur (LATAO). Au-del\u00e0 du simple travail de recension, ce volet a permis une meilleure compr\u00e9hension des forces et des limites des approches classiques d&rsquo;analyse de contenu assist\u00e9es par ordinateur et, surtout, de confirmer le besoin et la pertinence des approches de pointe fond\u00e9es sur les op\u00e9rations de classification et de cat\u00e9gorisation automatiques.<\/p>\n<p>Deuxi\u00e8mement, au niveau technique, ce projet a permis d&rsquo;explorer et de valider plusieurs techniques, tr\u00e8s souvent issues de travaux dans les domaines de l&rsquo;intelligence artificielle et de l&rsquo;apprentissage machine, de classification et de cat\u00e9gorisation automatiques, dans leur application au traitement des documents textuels (dans une optique d&rsquo;analyse de contenu). A cet \u00e9gard, ce travail a \u00e9t\u00e9 mis \u00e0 contribution afin de valider une des hypoth\u00e8ses principales du projet selon laquelle les analyses de contenu assist\u00e9es par ordinateur peuvent \u00eatre r\u00e9alis\u00e9es \u00e0 l&rsquo;aide de classifieurs et cat\u00e9goriseurs num\u00e9riques. Ainsi, dans le cadre du projet, nous avons explor\u00e9 la pertinence de diff\u00e9rentes approches (r\u00e9seaux de neurones artificiels, approches hybrides neuro-floues, algorithmes d&rsquo;induction de r\u00e8gles, etc.) dans leur application \u00e0 la cat\u00e9gorisation de textes \u00e0 des fins d&rsquo;analyse de contenu.<\/p>\n<p>Finalement, le projet a contribu\u00e9 \u00e0 la conception et \u00e0 la validation de m\u00e9thodologies d&rsquo;analyse et de cha\u00eenes de traitement (progiciels) adapt\u00e9es \u00e0 l&rsquo;analyse de contenu de textes th\u00e9oriques. En effet, en nous basant sur les travaux mentionn\u00e9s pr\u00e9c\u00e9demment, nous avons d\u00e9velopp\u00e9 et valid\u00e9 plusieurs m\u00e9thodologies d&rsquo;analyse et certaines cha\u00eenes de traitement destin\u00e9es \u00e0 l&rsquo;analyse de contenu assist\u00e9e par ordinateur. Ainsi, le projet a permis de valider une m\u00e9thodologie d&rsquo;analyse originale fond\u00e9e sur la cat\u00e9gorisation automatique permettant d&rsquo;identifier les principaux th\u00e8mes pr\u00e9sents dans des corpus th\u00e9oriques et philosophiques.<\/p>\n","protected":false},"excerpt":{"rendered":"<p>Projet\u00a0: Forage de texte, cat\u00e9gorisation et analyse de contenu Chercheur principal\u00a0: Jean-Guy Meunier P\u00e9riode\u00a0: 2000-2001 Organisme subventionnaire\u00a0: Conseil de recherches en sciences humaines du Canada (CRSH) Titre du programme\u00a0: Initiatives de d\u00e9veloppement de la recherche &nbsp; R\u00e9sum\u00e9\u00a0: Le projet \u00ab\u00a0Forage de texte, cat\u00e9gorisation et analyse de contenu\u00a0\u00bb a g\u00e9n\u00e9r\u00e9 des r\u00e9sultats de recherche importants \u00e0&hellip;<\/p>\n","protected":false},"author":2,"featured_media":0,"parent":423,"menu_order":0,"comment_status":"closed","ping_status":"open","template":"","meta":{"footnotes":""},"class_list":["post-683","page","type-page","status-publish","hentry"],"_links":{"self":[{"href":"https:\/\/www.lanci.uqam.ca\/index.php\/wp-json\/wp\/v2\/pages\/683","targetHints":{"allow":["GET"]}}],"collection":[{"href":"https:\/\/www.lanci.uqam.ca\/index.php\/wp-json\/wp\/v2\/pages"}],"about":[{"href":"https:\/\/www.lanci.uqam.ca\/index.php\/wp-json\/wp\/v2\/types\/page"}],"author":[{"embeddable":true,"href":"https:\/\/www.lanci.uqam.ca\/index.php\/wp-json\/wp\/v2\/users\/2"}],"replies":[{"embeddable":true,"href":"https:\/\/www.lanci.uqam.ca\/index.php\/wp-json\/wp\/v2\/comments?post=683"}],"version-history":[{"count":1,"href":"https:\/\/www.lanci.uqam.ca\/index.php\/wp-json\/wp\/v2\/pages\/683\/revisions"}],"predecessor-version":[{"id":684,"href":"https:\/\/www.lanci.uqam.ca\/index.php\/wp-json\/wp\/v2\/pages\/683\/revisions\/684"}],"up":[{"embeddable":true,"href":"https:\/\/www.lanci.uqam.ca\/index.php\/wp-json\/wp\/v2\/pages\/423"}],"wp:attachment":[{"href":"https:\/\/www.lanci.uqam.ca\/index.php\/wp-json\/wp\/v2\/media?parent=683"}],"curies":[{"name":"wp","href":"https:\/\/api.w.org\/{rel}","templated":true}]}}