{"id":681,"date":"2013-10-07T01:33:25","date_gmt":"2013-10-07T01:33:25","guid":{"rendered":"https:\/\/www.lanci.uqam.ca\/?page_id=681"},"modified":"2013-10-07T01:33:25","modified_gmt":"2013-10-07T01:33:25","slug":"categorisation-et-analyse-thematique-de-documents-textuels-latao","status":"publish","type":"page","link":"https:\/\/www.lanci.uqam.ca\/index.php\/projets-realises\/categorisation-et-analyse-thematique-de-documents-textuels-latao\/","title":{"rendered":"Cat\u00e9gorisation et analyse th\u00e9matique de documents textuels (LATAO)"},"content":{"rendered":"<p>Projet\u00a0: Cat\u00e9gorisation et analyse th\u00e9matique de documents textuels<\/p>\n<p>Chercheur principal\u00a0: Jean-Guy Meunier<\/p>\n<p>P\u00e9riode\u00a0: 2005-2008<\/p>\n<p>Organisme subventionnaire\u00a0: Conseil de recherches en sciences humaines du Canada (CRSH)<\/p>\n<p>Titre du programme\u00a0: Subventions ordinaires de recherche<\/p>\n<p>&nbsp;<\/p>\n<p>R\u00e9sum\u00e9\u00a0:<\/p>\n<p>Le projet de recherche portait sur l&rsquo;exploration de m\u00e9thodes d&rsquo;assistance \u00e0 la lecture et l&rsquo;analyse expertes des textes dans l&rsquo;horizon \u00e9mergente de la num\u00e9risation syst\u00e9matique des livres. Le premier objectif, et le plus important de ce projet, visait \u00e0 d\u00e9passer la manipulation informatique classique des textes (num\u00e9risation, \u00e9dition, rappel, concordance, description statistique, etc.) pour assister les analyses th\u00e9matiques d&rsquo;un texte de haut niveau th\u00e9orique. Ce type d&rsquo;analyse pr\u00e9sentait des difficult\u00e9s sp\u00e9cifiques en raison des ph\u00e9nom\u00e8nes linguistiques relevant tant de la textualit\u00e9 (processus discursif, pragmatique, etc.) que de l&rsquo;organisation et la structure d&rsquo;un corpus num\u00e9rique. Pour atteindre cet objectif, le projet a effectu\u00e9 un transfert de concepts et de m\u00e9thodologies provenant de la linguistique sur l&rsquo;analyse th\u00e9matique et de l&rsquo;intelligence artificielle (classification automatique, apprentissage machine, r\u00e9seau de neurones, forage de textes, etc.). Ce transfert a permis de d\u00e9velopper une m\u00e9thodologie de lecture et d&rsquo;analyse des textes assist\u00e9es par ordinateur (LATAO), qui se d\u00e9ploie en une chaine de traitement qui comprend a) la pr\u00e9paration des donn\u00e9es, b) leur s\u00e9lection \u00e0 des fins d&rsquo;analyse, c) la classification th\u00e9matique, d) la repr\u00e9sentation visuelle, e) l&rsquo;interpr\u00e9tation. Cette m\u00e9thodologie est devenue une r\u00e9f\u00e9rence pour plusieurs chercheurs dont la pratique de lecture et d&rsquo;analyse experte doit \u00eatre appliqu\u00e9e sur des donn\u00e9es textuelles num\u00e9ris\u00e9es. Et elle a \u00e9t\u00e9 exp\u00e9riment\u00e9e sur des donn\u00e9es textuelles de haut niveau th\u00e9orique (philosophique, litt\u00e9raire, journalistique, etc.).<\/p>\n<p>Le second objectif \u00e9tait de type informatique. Il visait \u00e0 d\u00e9passer une technologie qui, \u00e0 ce moment, n&rsquo;offrait qu&rsquo;un ensemble ferm\u00e9 et limit\u00e9 de fonctionnalit\u00e9s. Il s&rsquo;inscrivait ainsi dans une nouvelle g\u00e9n\u00e9ration de syst\u00e8mes d&rsquo;assistance \u00e0 la construction de chaines de traitement adapt\u00e9e aux traitements de donn\u00e9es textuelles (WEKA, PROVALIS, GATES, T2K, etc.). Ainsi, le projet a permis de construire un prototype de plateforme modulaire (NUMEXCO). Celle-ci a servi \u00e0 de nombreuses exp\u00e9rimentations. Elle a permis aussi de r\u00e9v\u00e9ler la port\u00e9e et les limites de ces types de plateformes. Cette plateforme est devenue l&#8217;embryon de la plateforme SATIM. Les r\u00e9sultats de cette recherche ont \u00e9t\u00e9 publi\u00e9s dans les conf\u00e9rences locales (ACFAS, Soci\u00e9t\u00e9s Savantes du Canada), mais surtout au plan international (Digital Humanities, JADT, FLAIRS, etc.) .Elle a permis \u00e0 l&rsquo;\u00e9quipe d&rsquo;instaurer une dynamique tr\u00e8s forte avec la communaut\u00e9 canadienne anglophone de TAPOR \u0153uvrant dans ce m\u00eame paradigme. Des m\u00e9moires de maitrise, des th\u00e8ses de doctorat et plusieurs sous-projets de recherche subventionn\u00e9s en ont \u00e9merg\u00e9.<\/p>\n<p>&nbsp;<\/p>\n","protected":false},"excerpt":{"rendered":"<p>Projet\u00a0: Cat\u00e9gorisation et analyse th\u00e9matique de documents textuels Chercheur principal\u00a0: Jean-Guy Meunier P\u00e9riode\u00a0: 2005-2008 Organisme subventionnaire\u00a0: Conseil de recherches en sciences humaines du Canada (CRSH) Titre du programme\u00a0: Subventions ordinaires de recherche &nbsp; R\u00e9sum\u00e9\u00a0: Le projet de recherche portait sur l&rsquo;exploration de m\u00e9thodes d&rsquo;assistance \u00e0 la lecture et l&rsquo;analyse expertes des textes dans l&rsquo;horizon \u00e9mergente&hellip;<\/p>\n","protected":false},"author":2,"featured_media":0,"parent":423,"menu_order":0,"comment_status":"closed","ping_status":"open","template":"","meta":{"footnotes":""},"class_list":["post-681","page","type-page","status-publish","hentry"],"_links":{"self":[{"href":"https:\/\/www.lanci.uqam.ca\/index.php\/wp-json\/wp\/v2\/pages\/681","targetHints":{"allow":["GET"]}}],"collection":[{"href":"https:\/\/www.lanci.uqam.ca\/index.php\/wp-json\/wp\/v2\/pages"}],"about":[{"href":"https:\/\/www.lanci.uqam.ca\/index.php\/wp-json\/wp\/v2\/types\/page"}],"author":[{"embeddable":true,"href":"https:\/\/www.lanci.uqam.ca\/index.php\/wp-json\/wp\/v2\/users\/2"}],"replies":[{"embeddable":true,"href":"https:\/\/www.lanci.uqam.ca\/index.php\/wp-json\/wp\/v2\/comments?post=681"}],"version-history":[{"count":1,"href":"https:\/\/www.lanci.uqam.ca\/index.php\/wp-json\/wp\/v2\/pages\/681\/revisions"}],"predecessor-version":[{"id":682,"href":"https:\/\/www.lanci.uqam.ca\/index.php\/wp-json\/wp\/v2\/pages\/681\/revisions\/682"}],"up":[{"embeddable":true,"href":"https:\/\/www.lanci.uqam.ca\/index.php\/wp-json\/wp\/v2\/pages\/423"}],"wp:attachment":[{"href":"https:\/\/www.lanci.uqam.ca\/index.php\/wp-json\/wp\/v2\/media?parent=681"}],"curies":[{"name":"wp","href":"https:\/\/api.w.org\/{rel}","templated":true}]}}