{"id":22369,"date":"2019-01-16T18:52:41","date_gmt":"2019-01-16T18:52:41","guid":{"rendered":"https:\/\/www.lanci.uqam.ca\/?page_id=22369"},"modified":"2019-02-07T00:15:57","modified_gmt":"2019-02-07T00:15:57","slug":"contactez-nous","status":"publish","type":"page","link":"https:\/\/www.lanci.uqam.ca\/index.php\/contactez-nous\/","title":{"rendered":"Contactez-nous"},"content":{"rendered":"\n\t<iframe src=\"https:\/\/www.google.com\/maps\/embed\/v1\/place?key=AIzaSyD09zQ9PNDNNy9TadMuzRV_UsPUoWKntt8&#038;q=455%2C+Boulevard+Ren%C3%A9-L%C3%A9vesque+Est%0AMontr%C3%A9al%2C+Qu%C3%A9bec%2C+Canada+H2L+4Y2\"><\/iframe>\n<h3>\n\t\tAddress civique\n\t<\/h3>\n\tD\u00e9partement de philosophie<br \/>\nUniversit\u00e9 du Qu\u00e9bec \u00e0 Montr\u00e9al<br \/>\nPavillon Th\u00e9r\u00e8se-Casgrain (W)<br \/>\n455, Boulevard Ren\u00e9-L\u00e9vesque Est<br \/>\n5\u00e8me \u00e9tage Local W-5353<br \/>\nMontr\u00e9al, Qu\u00e9bec, Canada H2L 4Y2\n<p>\u00a0<\/p>\n<h3>\n\t\tAdresse postale\n\t<\/h3>\n\tUniversit\u00e9 du Qu\u00e9bec \u00e0 Montr\u00e9al<br \/>\nLocal W-5353<br \/>\nCase postale 8888, Succ. Centre-Ville<br \/>\nMontr\u00e9al, Qu\u00e9bec, Canada H3C 3P8\n<h3>\n\t\tE-mail\n\t<\/h3>\n\t<p>uqam.lanci@gmail.com<\/p>\n<h1>\n\t\tNous contacter\n\t<\/h1>\n","protected":false},"excerpt":{"rendered":"<p>Address civique D\u00e9partement de philosophie Universit\u00e9 du Qu\u00e9bec \u00e0 Montr\u00e9al Pavillon Th\u00e9r\u00e8se-Casgrain (W) 455, Boulevard Ren\u00e9-L\u00e9vesque Est 5\u00e8me \u00e9tage Local W-5353 Montr\u00e9al, Qu\u00e9bec, Canada H2L 4Y2 \u00a0 Adresse postale Universit\u00e9 du Qu\u00e9bec \u00e0 Montr\u00e9al Local W-5353 Case postale 8888, Succ. Centre-Ville Montr\u00e9al, Qu\u00e9bec, Canada H3C 3P8 E-mail uqam.lanci@gmail.com Nous contacter<\/p>\n","protected":false},"author":2,"featured_media":0,"parent":0,"menu_order":0,"comment_status":"closed","ping_status":"closed","template":"","meta":{"footnotes":""},"class_list":["post-22369","page","type-page","status-publish","hentry"],"_links":{"self":[{"href":"https:\/\/www.lanci.uqam.ca\/index.php\/wp-json\/wp\/v2\/pages\/22369","targetHints":{"allow":["GET"]}}],"collection":[{"href":"https:\/\/www.lanci.uqam.ca\/index.php\/wp-json\/wp\/v2\/pages"}],"about":[{"href":"https:\/\/www.lanci.uqam.ca\/index.php\/wp-json\/wp\/v2\/types\/page"}],"author":[{"embeddable":true,"href":"https:\/\/www.lanci.uqam.ca\/index.php\/wp-json\/wp\/v2\/users\/2"}],"replies":[{"embeddable":true,"href":"https:\/\/www.lanci.uqam.ca\/index.php\/wp-json\/wp\/v2\/comments?post=22369"}],"version-history":[{"count":4,"href":"https:\/\/www.lanci.uqam.ca\/index.php\/wp-json\/wp\/v2\/pages\/22369\/revisions"}],"predecessor-version":[{"id":22382,"href":"https:\/\/www.lanci.uqam.ca\/index.php\/wp-json\/wp\/v2\/pages\/22369\/revisions\/22382"}],"wp:attachment":[{"href":"https:\/\/www.lanci.uqam.ca\/index.php\/wp-json\/wp\/v2\/media?parent=22369"}],"curies":[{"name":"wp","href":"https:\/\/api.w.org\/{rel}","templated":true}]}}