{"id":22353,"date":"2019-01-16T18:50:18","date_gmt":"2019-01-16T18:50:18","guid":{"rendered":"https:\/\/www.lanci.uqam.ca\/?page_id=22353"},"modified":"2019-02-25T22:26:21","modified_gmt":"2019-02-25T22:26:21","slug":"equipe","status":"publish","type":"page","link":"https:\/\/www.lanci.uqam.ca\/index.php\/equipe\/","title":{"rendered":"\u00c9quipe"},"content":{"rendered":"<h1>\n\t\t\u00c9QUIPE\n\t<\/h1>\n<h3>\n\t\tDirection\n\t<\/h3>\n\t\t\t\t<img loading=\"lazy\" decoding=\"async\" src=\"https:\/\/www.lanci.uqam.ca\/wp-content\/uploads\/2019\/02\/photo148a.jpg\" alt=\"photo148a\" itemprop=\"image\" height=\"300\" width=\"275\" title=\"photo148a\" onerror=\"this.style.display='none'\"  \/>\n<h3>\n\t\tJEAN-GUY MEUNIER\n\t<\/h3>\n<h4>\n\t\tProfesseur associ\u00e9 &#8211; D\u00e9partement de Philosophie, UQAM\n\t<\/h4>\n\t<p><a href=\"mailto:meunier.jean-guy@uqam.ca\">meunier.jean-guy@uqam.ca<\/a><\/p>\n\t\t\t\t<img loading=\"lazy\" decoding=\"async\" src=\"https:\/\/www.lanci.uqam.ca\/wp-content\/uploads\/2013\/06\/Robert_Serge-023-photo-officielle.jpg\" alt=\"Robert_Serge-023 photo officielle\" itemprop=\"image\" height=\"1000\" width=\"1500\" title=\"Robert_Serge-023 photo officielle\" onerror=\"this.style.display='none'\"  \/>\n<h3>\n\t\tSERGE ROBERT\n\t<\/h3>\n<h4>\n\t\tProfesseur &#8211; D\u00e9partement de Philosophie, UQAM\n\t<\/h4>\n\t<p><a href=\"mailto:robert.serge@uqam.ca\">robert.serge@uqam.ca<\/a><\/p>\n<p>Mon domaine de recherche est l&rsquo;\u00e9tude interdisciplinaire (logique, philosophie, psychologie, informatique, neuroscience) des m\u00e9canismes du raisonnement humain et des leurs fonctions cognitives. Ce travail est accompagn\u00e9 par la construction d&rsquo;un syst\u00e8me tutoriel intelligent pour l&rsquo;enseignement de la logique.<\/p>\n\t\t\t\t<img loading=\"lazy\" decoding=\"async\" src=\"https:\/\/www.lanci.uqam.ca\/wp-content\/uploads\/2019\/02\/images.jpg\" alt=\"images\" itemprop=\"image\" height=\"225\" width=\"225\" title=\"images\" onerror=\"this.style.display='none'\"  \/>\n<h3>\n\t\tPIERRE POIRIER\n\t<\/h3>\n<h4>\n\t\tProfesseur &#8211; D\u00e9partement de Philosophie, UQAM\n\t<\/h4>\n\t<p><a href=\"mailto:poirier.pierre@uqam.ca\">poirier.pierre@uqam.ca<\/a><\/p>\n\t\t\t\t<img loading=\"lazy\" decoding=\"async\" src=\"https:\/\/www.lanci.uqam.ca\/wp-content\/uploads\/2019\/02\/Faucher.png\" alt=\"Faucher\" itemprop=\"image\" height=\"326\" width=\"326\" title=\"Faucher\" onerror=\"this.style.display='none'\"  \/>\n<h3>\n\t\tLUC FAUCHER\n\t<\/h3>\n<h4>\n\t\tProfesseur &#8211; D\u00e9partement de Philosophie, UQAM\n\t<\/h4>\n\t<p><a href=\"mailto:faucher.luc@uqam.ca\">faucher.luc@uqam.ca<\/a><\/p>\n<h3>\n\t\tProfesseur-es associ\u00e9-es\n\t<\/h3>\n\t\t\t\t<img loading=\"lazy\" decoding=\"async\" src=\"https:\/\/www.lanci.uqam.ca\/wp-content\/uploads\/bb-plugin\/cache\/christophe_malaterre-1-circle.jpg\" alt=\"christophe_malaterre\" itemprop=\"image\" height=\"533\" width=\"540\" title=\"christophe_malaterre\" onerror=\"this.style.display='none'\"  \/>\n<h3>Christophe Malaterre<\/h3>\t\t\n\t\t\t<p><a href=\"mailto:malaterre.christophe@uqam.ca\">malaterre.christophe@uqam.ca<\/a><\/p>\n\t\t\t\t<img loading=\"lazy\" decoding=\"async\" src=\"https:\/\/www.lanci.uqam.ca\/wp-content\/uploads\/bb-plugin\/cache\/PrtEOEbp3wE_-circle.jpg\" alt=\"PrtEOEbp3wE_\" itemprop=\"image\" height=\"180\" width=\"135\" title=\"PrtEOEbp3wE_\" onerror=\"this.style.display='none'\"  \/>\n<h3>Elias Rizkallah<\/h3>\t\t\n\t\t\t<p><a href=\"mailto:rizkallah.elias@uqam.ca\">rizkallah.elias@uqam.ca<\/a><\/p>\n<h3>\n\t\tChercheur-es\n\t<\/h3>\n\t\t\t\t<img loading=\"lazy\" decoding=\"async\" src=\"https:\/\/www.lanci.uqam.ca\/wp-content\/uploads\/bb-plugin\/cache\/Blank-Profile-Picture-gris-circle.jpg\" alt=\"Blank-Profile-Picture-gris\" itemprop=\"image\" height=\"1200\" width=\"1200\" title=\"Blank-Profile-Picture-gris\" onerror=\"this.style.display='none'\"  \/>\n<h3>Alaidine Ben Ayed <\/h3>\t\t\n\t\t\t<p>&#8212;<\/p>\n\t\t\tPlus d&rsquo;information\n\t\t<p>\u00c0 venir&#8230;<\/p>\n\t\t\t\t<img loading=\"lazy\" decoding=\"async\" src=\"https:\/\/www.lanci.uqam.ca\/wp-content\/uploads\/bb-plugin\/cache\/Blank-Profile-Picture-gris-circle.jpg\" alt=\"Blank-Profile-Picture-gris\" itemprop=\"image\" height=\"1200\" width=\"1200\" title=\"Blank-Profile-Picture-gris\" onerror=\"this.style.display='none'\"  \/>\n<h3>Anne Brel-Cloutier<\/h3>\t\t\n\t\t\t<p><em>&#8212;<\/em><\/p>\n\t\t\tPlus d&rsquo;information\n\t\t<p>\u00c0 venir&#8230;<\/p>\n\t\t\t\t<img loading=\"lazy\" decoding=\"async\" src=\"https:\/\/www.lanci.uqam.ca\/wp-content\/uploads\/bb-plugin\/cache\/Blank-Profile-Picture-gris-circle.jpg\" alt=\"Blank-Profile-Picture-gris\" itemprop=\"image\" height=\"1200\" width=\"1200\" title=\"Blank-Profile-Picture-gris\" onerror=\"this.style.display='none'\"  \/>\n<h3>Louis Chartrand<\/h3>\t\t\n\t\t\t<p><a href=\"mailto:chartrand.louis@courrier.uqam.ca\">chartrand.louis@courrier.uqam.ca <\/a><\/p>\n\t\t\tPlus d&rsquo;information\n\t\t<p>Membre de l\u2019unit\u00e9 LATAO depuis 2011, j\u2019ai termin\u00e9 une ma\u00eetrise en philosophie et je poursuis un doctorat en informatique cognitive, \u00e0 l\u2019aide d\u2019une bourse de doctorat du FQRSC. Il est assez difficile de d\u00e9crire pr\u00e9cis\u00e9ment mes int\u00e9r\u00eats de recherche, mais voici une tentative: Je m\u2019int\u00e9resse \u00e0 l<em>\u2019analyse conceptuelle de texte assist\u00e9e par ordinateur (<\/em>mod\u00e9lisation des discours textuels, apprentissage automatique, analyse conceptuelle), \u00e0 la <em>philosophie de l\u2019esprit (<\/em>caract\u00e9risation et extension des concepts fondamentaux (esprit, concept, etc.), individualisme m\u00e9taphysique et rapport aux concepts normatifs (responsabilit\u00e9 morale, l\u00e9gale, etc.), formation et \u00e9volution des concepts et de la connaissance) et \u00e0 l\u2019\u00e9<em>pist\u00e9mologie sociale<\/em> (communaut\u00e9s \u00e9pist\u00e9miques et raisonnement \u00e9tendu, injustices \u00e9pist\u00e9miques et biais implicites, dynamicit\u00e9 et caract\u00e8re distribu\u00e9 de la connaissance).<\/p>\n<p><a href=\"http:\/\/uqam.academia.edu\/LouisChartrand\" target=\"_blank\" rel=\"noopener noreferrer\">academia.edu<\/a><\/p>\n\t\t\t\t<img loading=\"lazy\" decoding=\"async\" src=\"https:\/\/www.lanci.uqam.ca\/wp-content\/uploads\/bb-plugin\/cache\/Blank-Profile-Picture-gris-circle.jpg\" alt=\"Blank-Profile-Picture-gris\" itemprop=\"image\" height=\"1200\" width=\"1200\" title=\"Blank-Profile-Picture-gris\" onerror=\"this.style.display='none'\"  \/>\n<h3>Myl\u00e8ne Legault <\/h3>\t\t\n\t\t\t<p><em>&#8212;<\/em><\/p>\n\t\t\tPlus d&rsquo;information\n\t\t<p>\u00c0 venir&#8230;<\/p>\n\t\t\t\t<img loading=\"lazy\" decoding=\"async\" src=\"https:\/\/www.lanci.uqam.ca\/wp-content\/uploads\/bb-plugin\/cache\/Blank-Profile-Picture-gris-circle.jpg\" alt=\"Blank-Profile-Picture-gris\" itemprop=\"image\" height=\"1200\" width=\"1200\" title=\"Blank-Profile-Picture-gris\" onerror=\"this.style.display='none'\"  \/>\n<h3>Alice Michaela Livadaru <\/h3>\t\t\n\t\t\t<p><em>&#8212;<\/em><\/p>\n\t\t\tPlus d&rsquo;information\n\t\t<p>\u00c0 venir&#8230;<\/p>\n\t\t\t\t<img loading=\"lazy\" decoding=\"async\" src=\"https:\/\/www.lanci.uqam.ca\/wp-content\/uploads\/bb-plugin\/cache\/Photo-perso.-2-circle.jpg\" alt=\"Photo perso. 2\" itemprop=\"image\" height=\"1024\" width=\"768\" title=\"Photo perso. 2\" onerror=\"this.style.display='none'\"  \/>\n<h3>Jean-Claude Simard<\/h3>\t\t\n\t\t\t<p><em>&#8212;<\/em><\/p>\n\t\t\tPlus d&rsquo;information\n\t\t<p>\u00c0 venir&#8230;<\/p>\n\t\t\t\t<img loading=\"lazy\" decoding=\"async\" src=\"https:\/\/www.lanci.uqam.ca\/wp-content\/uploads\/bb-plugin\/cache\/Blank-Profile-Picture-gris-circle.jpg\" alt=\"Blank-Profile-Picture-gris\" itemprop=\"image\" height=\"1200\" width=\"1200\" title=\"Blank-Profile-Picture-gris\" onerror=\"this.style.display='none'\"  \/>\n<h3>Louise Caroline Bergeron<\/h3>\t\t\n\t\t\t<p><em>&#8212;<\/em><\/p>\n\t\t\tPlus d&rsquo;information\n\t\t<p>\u00c0 venir&#8230;<\/p>\n\t\t\t\t<img loading=\"lazy\" decoding=\"async\" src=\"https:\/\/www.lanci.uqam.ca\/wp-content\/uploads\/bb-plugin\/cache\/Blank-Profile-Picture-gris-circle.jpg\" alt=\"Blank-Profile-Picture-gris\" itemprop=\"image\" height=\"1200\" width=\"1200\" title=\"Blank-Profile-Picture-gris\" onerror=\"this.style.display='none'\"  \/>\n<h3>Janie Brisson<\/h3>\t\t\n\t\t\t<p><em>&#8212;<\/em><\/p>\n\t\t\tPlus d&rsquo;information\n\t\t<p>\u00c0 venir&#8230;<\/p>\n\t\t\t\t<img loading=\"lazy\" decoding=\"async\" src=\"https:\/\/www.lanci.uqam.ca\/wp-content\/uploads\/bb-plugin\/cache\/Blank-Profile-Picture-gris-circle.jpg\" alt=\"Blank-Profile-Picture-gris\" itemprop=\"image\" height=\"1200\" width=\"1200\" title=\"Blank-Profile-Picture-gris\" onerror=\"this.style.display='none'\"  \/>\n<h3>Ludovic Chevalier<\/h3>\t\t\n\t\t\t<p><em>&#8212;<\/em><\/p>\n\t\t\tPlus d&rsquo;information\n\t\t<p>\u00c0 venir&#8230;<\/p>\n\t\t\t\t<img loading=\"lazy\" decoding=\"async\" src=\"https:\/\/www.lanci.uqam.ca\/wp-content\/uploads\/bb-plugin\/cache\/Blank-Profile-Picture-gris-circle.jpg\" alt=\"Blank-Profile-Picture-gris\" itemprop=\"image\" height=\"1200\" width=\"1200\" title=\"Blank-Profile-Picture-gris\" onerror=\"this.style.display='none'\"  \/>\n<h3>Martin L\u00e9onard<\/h3>\t\t\n\t\t\t<p><em>&#8212;<\/em><\/p>\n\t\t\tPlus d&rsquo;information\n\t\t<p>\u00c0 venir&#8230;<\/p>\n\t\t\t\t<img loading=\"lazy\" decoding=\"async\" src=\"https:\/\/www.lanci.uqam.ca\/wp-content\/uploads\/bb-plugin\/cache\/Blank-Profile-Picture-gris-circle.jpg\" alt=\"Blank-Profile-Picture-gris\" itemprop=\"image\" height=\"1200\" width=\"1200\" title=\"Blank-Profile-Picture-gris\" onerror=\"this.style.display='none'\"  \/>\n<h3>Davide Pulizzotto<\/h3>\t\t\n\t\t\t<p><em>&#8212;<\/em><\/p>\n\t\t\tPlus d&rsquo;information\n\t\t<p>\u00c0 venir&#8230;<\/p>\n\t\t\t\t<img loading=\"lazy\" decoding=\"async\" src=\"https:\/\/www.lanci.uqam.ca\/wp-content\/uploads\/bb-plugin\/cache\/Blank-Profile-Picture-gris-circle.jpg\" alt=\"Blank-Profile-Picture-gris\" itemprop=\"image\" height=\"1200\" width=\"1200\" title=\"Blank-Profile-Picture-gris\" onerror=\"this.style.display='none'\"  \/>\n<h3>Julien Valli\u00e8res<\/h3>\t\t\n\t\t\t<p><em>&#8212;<\/em><\/p>\n\t\t\tPlus d&rsquo;information\n\t\t<p>\u00c0 venir&#8230;<\/p>\n\t\t\t\t<img loading=\"lazy\" decoding=\"async\" src=\"https:\/\/www.lanci.uqam.ca\/wp-content\/uploads\/bb-plugin\/cache\/Blank-Profile-Picture-gris-circle.jpg\" alt=\"Blank-Profile-Picture-gris\" itemprop=\"image\" height=\"1200\" width=\"1200\" title=\"Blank-Profile-Picture-gris\" onerror=\"this.style.display='none'\"  \/>\n<h3>Jean-Nicolas Bourdon<\/h3>\t\t\n\t\t\t<p><em>&#8212;<\/em><\/p>\n\t\t\tPlus d&rsquo;information\n\t\t<p>\u00c0 venir&#8230;<\/p>\n\t\t\t\t<img loading=\"lazy\" decoding=\"async\" src=\"https:\/\/www.lanci.uqam.ca\/wp-content\/uploads\/bb-plugin\/cache\/Blank-Profile-Picture-gris-circle.jpg\" alt=\"Blank-Profile-Picture-gris\" itemprop=\"image\" height=\"1200\" width=\"1200\" title=\"Blank-Profile-Picture-gris\" onerror=\"this.style.display='none'\"  \/>\n<h3>Jean-Fran\u00e7ois Chartier<\/h3>\t\t\n\t\t\t<em>&#8212;<br \/>\n<\/em>\n\t\t\tPlus d&rsquo;information\n\t\t<p>\u00c0 venir&#8230;<\/p>\n\t\t\t\t<img loading=\"lazy\" decoding=\"async\" src=\"https:\/\/www.lanci.uqam.ca\/wp-content\/uploads\/bb-plugin\/cache\/Blank-Profile-Picture-gris-circle.jpg\" alt=\"Blank-Profile-Picture-gris\" itemprop=\"image\" height=\"1200\" width=\"1200\" title=\"Blank-Profile-Picture-gris\" onerror=\"this.style.display='none'\"  \/>\n<h3>Elizabeth Doyon <\/h3>\t\t\n\t\t\t<p><em>&#8212;<\/em><\/p>\n\t\t\tPlus d&rsquo;information\n\t\t<p>\u00c0 venir&#8230;<\/p>\n\t\t\t\t<img loading=\"lazy\" decoding=\"async\" src=\"https:\/\/www.lanci.uqam.ca\/wp-content\/uploads\/bb-plugin\/cache\/Blank-Profile-Picture-gris-circle.jpg\" alt=\"Blank-Profile-Picture-gris\" itemprop=\"image\" height=\"1200\" width=\"1200\" title=\"Blank-Profile-Picture-gris\" onerror=\"this.style.display='none'\"  \/>\n<h3>Anna-Kim L\u00e9veill\u00e9e<\/h3>\t\t\n\t\t\t<p><em>&#8212;<\/em><\/p>\n\t\t\tPlus d&rsquo;information\n\t\t<p>\u00c0 venir&#8230;<\/p>\n\t\t\t\t<img loading=\"lazy\" decoding=\"async\" src=\"https:\/\/www.lanci.uqam.ca\/wp-content\/uploads\/bb-plugin\/cache\/Blank-Profile-Picture-gris-circle.jpg\" alt=\"Blank-Profile-Picture-gris\" itemprop=\"image\" height=\"1200\" width=\"1200\" title=\"Blank-Profile-Picture-gris\" onerror=\"this.style.display='none'\"  \/>\n<h3>Jonathan St-Onge<\/h3>\t\t\n\t\t\t<p><em>&#8212;<\/em><\/p>\n\t\t\tPlus d&rsquo;information\n\t\t<p>\u00c0 venir&#8230;<\/p>\n","protected":false},"excerpt":{"rendered":"<p>\u00c9QUIPE Direction JEAN-GUY MEUNIER Professeur associ\u00e9 &#8211; D\u00e9partement de Philosophie, UQAM meunier.jean-guy@uqam.ca SERGE ROBERT Professeur &#8211; D\u00e9partement de Philosophie, UQAM robert.serge@uqam.ca Mon domaine de recherche est l&rsquo;\u00e9tude interdisciplinaire (logique, philosophie, psychologie, informatique, neuroscience) des m\u00e9canismes du raisonnement humain et des leurs fonctions cognitives. Ce travail est accompagn\u00e9 par la construction d&rsquo;un syst\u00e8me tutoriel intelligent pour&hellip;<\/p>\n","protected":false},"author":2,"featured_media":0,"parent":0,"menu_order":0,"comment_status":"closed","ping_status":"closed","template":"","meta":{"footnotes":""},"class_list":["post-22353","page","type-page","status-publish","hentry"],"_links":{"self":[{"href":"https:\/\/www.lanci.uqam.ca\/index.php\/wp-json\/wp\/v2\/pages\/22353","targetHints":{"allow":["GET"]}}],"collection":[{"href":"https:\/\/www.lanci.uqam.ca\/index.php\/wp-json\/wp\/v2\/pages"}],"about":[{"href":"https:\/\/www.lanci.uqam.ca\/index.php\/wp-json\/wp\/v2\/types\/page"}],"author":[{"embeddable":true,"href":"https:\/\/www.lanci.uqam.ca\/index.php\/wp-json\/wp\/v2\/users\/2"}],"replies":[{"embeddable":true,"href":"https:\/\/www.lanci.uqam.ca\/index.php\/wp-json\/wp\/v2\/comments?post=22353"}],"version-history":[{"count":28,"href":"https:\/\/www.lanci.uqam.ca\/index.php\/wp-json\/wp\/v2\/pages\/22353\/revisions"}],"predecessor-version":[{"id":22466,"href":"https:\/\/www.lanci.uqam.ca\/index.php\/wp-json\/wp\/v2\/pages\/22353\/revisions\/22466"}],"wp:attachment":[{"href":"https:\/\/www.lanci.uqam.ca\/index.php\/wp-json\/wp\/v2\/media?parent=22353"}],"curies":[{"name":"wp","href":"https:\/\/api.w.org\/{rel}","templated":true}]}}