{"id":22347,"date":"2019-01-16T18:49:56","date_gmt":"2019-01-16T18:49:56","guid":{"rendered":"https:\/\/www.lanci.uqam.ca\/?page_id=22347"},"modified":"2019-02-23T15:52:18","modified_gmt":"2019-02-23T15:52:18","slug":"mission","status":"publish","type":"page","link":"https:\/\/www.lanci.uqam.ca\/index.php\/mission\/","title":{"rendered":"Axes de recherche"},"content":{"rendered":"\n\t\t\t\t<img loading=\"lazy\" decoding=\"async\" src=\"https:\/\/www.lanci.uqam.ca\/wp-content\/uploads\/2019\/02\/Lanci_hex-259x300.png\" alt=\"Lanci_hex\" itemprop=\"image\" height=\"300\" width=\"259\" title=\"Lanci_hex\" onerror=\"this.style.display='none'\"  \/>\n<h2>\n\t\tAXES DE RECHERCHE\n\t<\/h2>\n\t<p>Le LANCI (Laboratoire d\u2019Analyse Cognitive de l\u2019Information) est une unit\u00e9 d\u00e9centralis\u00e9e comportant plusieurs groupes de recherche dont les travaux sont organis\u00e9s principalement autour de ces trois axes de recherches :<\/p>\n\t<h2>Architectures cognitives<br \/>\n<\/h2>\n<p>Les architectures cognitives et leur mod\u00e9lisation, l\u2019explication de ph\u00e9nom\u00e8nes cognitifs au moyen de ces architectures et mod\u00e8les ou leur impl\u00e9mentation dans des syst\u00e8mes artificiels.<\/p>\n\t<h2>Connaissances humaines<br \/>\n<\/h2>\n<p>L\u2019origine, le r\u00f4le et les m\u00e9canismes de fonctionnement des inf\u00e9rences logiques et math\u00e9matiques ou correctives dans la connaissance humaine; leurs origines \u00e9volutionnaires, les m\u00e9canismes par lesquels elles s\u2019acqui\u00e8rent, se consolident et se transforment, de m\u00eame que les fonctions cognitives qu\u2019elles assument; les liens entre raisonnement, perception, m\u00e9moire; l\u2019\u00e9pist\u00e9mologie, la logique, la psychologie exp\u00e9rimentale, l\u2019informatique, les neurosciences et les sciences de l\u2019\u00e9ducation sont mises \u00e0 contribution.<\/p>\n\t<h2>Fouille de textes<br \/>\n<\/h2>\n<p>L\u2019analyse des fondements th\u00e9oriques, le d\u00e9veloppement de mod\u00e8les et de m\u00e9thodes d\u2019analyse issues de la fouille de textes et l\u2019application de celles-ci \u00e0 diff\u00e9rents secteurs d\u2019\u00e9tude des sciences humaines et sociales; les strat\u00e9gies de la lecture et de l\u2019analyse expertes de textes assist\u00e9es par ordinateur dans le contexte des humanit\u00e9s num\u00e9riques.<\/p>\n","protected":false},"excerpt":{"rendered":"<p>AXES DE RECHERCHE Le LANCI (Laboratoire d\u2019Analyse Cognitive de l\u2019Information) est une unit\u00e9 d\u00e9centralis\u00e9e comportant plusieurs groupes de recherche dont les travaux sont organis\u00e9s principalement autour de ces trois axes de recherches : Architectures cognitives Les architectures cognitives et leur mod\u00e9lisation, l\u2019explication de ph\u00e9nom\u00e8nes cognitifs au moyen de ces architectures et mod\u00e8les ou leur impl\u00e9mentation&hellip;<\/p>\n","protected":false},"author":2,"featured_media":0,"parent":0,"menu_order":0,"comment_status":"closed","ping_status":"closed","template":"","meta":{"footnotes":""},"class_list":["post-22347","page","type-page","status-publish","hentry"],"_links":{"self":[{"href":"https:\/\/www.lanci.uqam.ca\/index.php\/wp-json\/wp\/v2\/pages\/22347","targetHints":{"allow":["GET"]}}],"collection":[{"href":"https:\/\/www.lanci.uqam.ca\/index.php\/wp-json\/wp\/v2\/pages"}],"about":[{"href":"https:\/\/www.lanci.uqam.ca\/index.php\/wp-json\/wp\/v2\/types\/page"}],"author":[{"embeddable":true,"href":"https:\/\/www.lanci.uqam.ca\/index.php\/wp-json\/wp\/v2\/users\/2"}],"replies":[{"embeddable":true,"href":"https:\/\/www.lanci.uqam.ca\/index.php\/wp-json\/wp\/v2\/comments?post=22347"}],"version-history":[{"count":7,"href":"https:\/\/www.lanci.uqam.ca\/index.php\/wp-json\/wp\/v2\/pages\/22347\/revisions"}],"predecessor-version":[{"id":22438,"href":"https:\/\/www.lanci.uqam.ca\/index.php\/wp-json\/wp\/v2\/pages\/22347\/revisions\/22438"}],"wp:attachment":[{"href":"https:\/\/www.lanci.uqam.ca\/index.php\/wp-json\/wp\/v2\/media?parent=22347"}],"curies":[{"name":"wp","href":"https:\/\/api.w.org\/{rel}","templated":true}]}}