{"id":22323,"date":"2019-01-15T16:33:32","date_gmt":"2019-01-15T16:33:32","guid":{"rendered":"https:\/\/www.lanci.uqam.ca\/?page_id=22323"},"modified":"2019-02-25T23:24:17","modified_gmt":"2019-02-25T23:24:17","slug":"22323-2","status":"publish","type":"page","link":"https:\/\/www.lanci.uqam.ca\/","title":{"rendered":"Accueil"},"content":{"rendered":"\n\t\t\t\t<img loading=\"lazy\" decoding=\"async\" src=\"https:\/\/www.lanci.uqam.ca\/wp-content\/uploads\/2019\/02\/Lanci_hex-259x300.png\" alt=\"Lanci_hex\" itemprop=\"image\" height=\"300\" width=\"259\" title=\"Lanci_hex\" onerror=\"this.style.display='none'\"  \/>\n\tLaboratoire d&rsquo;ANalyse Cognitive de l&rsquo;Information<br \/>\n\n\t\t\t<a href=\"https:\/\/www.lanci.uqam.ca\/index.php\/a-propos\/\" target=\"_self\" role=\"button\" rel=\"noopener noreferrer\">\n\t\t\t\t\t\t\u00c0 Propos\n\t\t\t\t\t<\/a>\n<h1>\n\t\tConf\u00e9rences \u00e0 venir et publications r\u00e9centes\n\t<\/h1>\n","protected":false},"excerpt":{"rendered":"<p>Laboratoire d&rsquo;ANalyse Cognitive de l&rsquo;Information \u00c0 Propos Conf\u00e9rences \u00e0 venir et publications r\u00e9centes<\/p>\n","protected":false},"author":2,"featured_media":0,"parent":0,"menu_order":0,"comment_status":"closed","ping_status":"closed","template":"","meta":{"footnotes":""},"class_list":["post-22323","page","type-page","status-publish","hentry"],"_links":{"self":[{"href":"https:\/\/www.lanci.uqam.ca\/index.php\/wp-json\/wp\/v2\/pages\/22323","targetHints":{"allow":["GET"]}}],"collection":[{"href":"https:\/\/www.lanci.uqam.ca\/index.php\/wp-json\/wp\/v2\/pages"}],"about":[{"href":"https:\/\/www.lanci.uqam.ca\/index.php\/wp-json\/wp\/v2\/types\/page"}],"author":[{"embeddable":true,"href":"https:\/\/www.lanci.uqam.ca\/index.php\/wp-json\/wp\/v2\/users\/2"}],"replies":[{"embeddable":true,"href":"https:\/\/www.lanci.uqam.ca\/index.php\/wp-json\/wp\/v2\/comments?post=22323"}],"version-history":[{"count":21,"href":"https:\/\/www.lanci.uqam.ca\/index.php\/wp-json\/wp\/v2\/pages\/22323\/revisions"}],"predecessor-version":[{"id":22469,"href":"https:\/\/www.lanci.uqam.ca\/index.php\/wp-json\/wp\/v2\/pages\/22323\/revisions\/22469"}],"wp:attachment":[{"href":"https:\/\/www.lanci.uqam.ca\/index.php\/wp-json\/wp\/v2\/media?parent=22323"}],"curies":[{"name":"wp","href":"https:\/\/api.w.org\/{rel}","templated":true}]}}